{"id":240,"date":"2023-01-24T11:08:15","date_gmt":"2023-01-24T10:08:15","guid":{"rendered":"https:\/\/asblchiaravds.be\/?page_id=240"},"modified":"2023-01-24T11:24:49","modified_gmt":"2023-01-24T10:24:49","slug":"sensibilisation-au-don-dorganes-et-aux-greffes","status":"publish","type":"page","link":"https:\/\/asblchiaravds.be\/?page_id=240","title":{"rendered":"Sensibilisation au don d&rsquo;organes et aux greffes"},"content":{"rendered":"\n<p>Notre asbl m\u00e8ne diff\u00e9rentes actions pour sensibiliser le grand public au don d&rsquo;organes.<\/p>\n\n\n\n<p>Les objectifs principaux de ces actions sont l&rsquo;am\u00e9lioration de la <strong>sensibilisation au don<\/strong> aupr\u00e8s des diff\u00e9rents groupes auxquels les messages s&rsquo;adressent et d&rsquo;inviter les citoyens \u00e0 oser en parler en famille, entre amis, entre coll\u00e8gues.<\/p>\n\n\n\n<p>En effet, discuter du <strong>don d&rsquo;organes <\/strong>avec ses proches n&rsquo;est pas toujours facile. Il est donc important de d\u00e9dramatiser cet acte et d&rsquo;y sensibiliser les personnes.<\/p>\n\n\n\n<p>Le don d&rsquo;organes et de tissus <strong>permet de sauver des vies et donne de l&rsquo;espoir \u00e0 ceux qui attendent une greffe qui leur sauvera la vie ou l&rsquo;am\u00e9liorera<\/strong>. Un seul donneur peut sauver ou am\u00e9liorer la vie de plus de 80 personnes.<\/p>\n\n\n\n<p>En Belgique, <a href=\"https:\/\/www.health.belgium.be\/fr\/sante\/prenez-soin-de-vous\/debut-et-fin-de-vie\/don-dorganes\/don-dorganes-citoyens\">la loi<\/a>\u00a0pr\u00e9voit les r\u00e8gles selon lesquelles il peut \u00eatre proc\u00e9d\u00e9 au pr\u00e9l\u00e8vement d\u2019organes ou d\u2019autres mat\u00e9riels corporels humains apr\u00e8s le d\u00e9c\u00e8s d\u2019une personne. A priori, tout le monde, en Belgique, est pr\u00e9sum\u00e9 \u00eatre donneur potentiel. Chacun a cependant le droit de s\u2019y opposer, mais aussi de confirmer sa volont\u00e9 d\u2019\u00eatre donneur. Ceci peut se faire en informant ses proches (famille, amis) de son choix, mais peut aussi \u00eatre enregistr\u00e9 dans une base de donn\u00e9es qui, en cas de d\u00e9c\u00e8s, sera consult\u00e9e avant tout pr\u00e9l\u00e8vement \u00e9ventuel. Chacun a en outre, \u00e0 tout moment, la possibilit\u00e9 de changer d\u2019avis et de faire enregistrer une nouvelle <a href=\"https:\/\/www.health.belgium.be\/sites\/default\/files\/uploads\/fields\/fpshealth_theme_file\/formulairemch_0.pdf\">d\u00e9claration<\/a>. <\/p>\n\n\n\n<p><a href=\"https:\/\/www.health.belgium.be\/fr\/don-dorganes-de-nouvelles-modalites-partir-du-1er-juillet-2020\">Don d&rsquo;organes &#8211; De nouvelles modalit\u00e9s depuis le 1er juillet 2020<\/a><\/p>\n\n\n\n<p><a href=\"https:\/\/www.youtube.com\/watch?v=wpVSYRObhy4&amp;list=PLOZrdgBxZtFnyo5I0QTbBl_-tAkeLa5dT\">Visionnez la vid\u00e9o du SPF Sant\u00e9 publique &#8211; Beldonor<\/a><\/p>\n","protected":false},"excerpt":{"rendered":"<p>Notre asbl m\u00e8ne diff\u00e9rentes actions pour sensibiliser le grand public au don d&rsquo;organes. Les objectifs principaux de ces actions sont l&rsquo;am\u00e9lioration de la sensibilisation au don aupr\u00e8s des diff\u00e9rents groupes auxquels les messages s&rsquo;adressent et d&rsquo;inviter les citoyens \u00e0 oser en parler en famille, entre amis, entre coll\u00e8gues. En effet, discuter du don d&rsquo;organes avec &hellip; <\/p>\n","protected":false},"author":2,"featured_media":0,"parent":0,"menu_order":0,"comment_status":"closed","ping_status":"closed","template":"","meta":{"footnotes":""},"class_list":["post-240","page","type-page","status-publish","hentry","latest_post"],"_links":{"self":[{"href":"https:\/\/asblchiaravds.be\/index.php?rest_route=\/wp\/v2\/pages\/240","targetHints":{"allow":["GET"]}}],"collection":[{"href":"https:\/\/asblchiaravds.be\/index.php?rest_route=\/wp\/v2\/pages"}],"about":[{"href":"https:\/\/asblchiaravds.be\/index.php?rest_route=\/wp\/v2\/types\/page"}],"author":[{"embeddable":true,"href":"https:\/\/asblchiaravds.be\/index.php?rest_route=\/wp\/v2\/users\/2"}],"replies":[{"embeddable":true,"href":"https:\/\/asblchiaravds.be\/index.php?rest_route=%2Fwp%2Fv2%2Fcomments&post=240"}],"version-history":[{"count":2,"href":"https:\/\/asblchiaravds.be\/index.php?rest_route=\/wp\/v2\/pages\/240\/revisions"}],"predecessor-version":[{"id":244,"href":"https:\/\/asblchiaravds.be\/index.php?rest_route=\/wp\/v2\/pages\/240\/revisions\/244"}],"wp:attachment":[{"href":"https:\/\/asblchiaravds.be\/index.php?rest_route=%2Fwp%2Fv2%2Fmedia&parent=240"}],"curies":[{"name":"wp","href":"https:\/\/api.w.org\/{rel}","templated":true}]}}